{"id":782,"date":"2019-08-11T23:16:13","date_gmt":"2019-08-11T21:16:13","guid":{"rendered":"https:\/\/www.fussball-tus-05-daun.de\/web\/?page_id=782"},"modified":"2019-10-29T21:23:19","modified_gmt":"2019-10-29T20:23:19","slug":"passformulare","status":"publish","type":"page","link":"https:\/\/www.fussball-tus-05-daun.de\/web\/download\/passformulare\/","title":{"rendered":"Passformulare"},"content":{"rendered":"\n<ul class=\"wp-block-list\"><li><a href=\"https:\/\/www.fv-rheinland.de\/wp-content\/uploads\/2019\/08\/Passantrag.pdf\">Passantrag mit Einverst\u00e4ndniserkl\u00e4rung<\/a><\/li><li><a href=\"https:\/\/www.fv-rheinland.de\/wp-content\/uploads\/2018\/10\/2018_10-Abmeldung_Spieler_vom_Spielbetrieb.pdf\">Abmeldung vom Spielbetrieb<\/a><\/li><li><a href=\"https:\/\/www.fv-rheinland.de\/wp-content\/uploads\/2017\/12\/Antrag-auf-Seniorenfreigabe_2017.pdf\">Antrag vorzeitige Seniorenfreigabe<\/a><\/li><li><a href=\"https:\/\/www.fv-rheinland.de\/wp-content\/uploads\/2018\/10\/2018_10-Antrag-auf-Zweitspielrecht_Senioren.pdf\">Antrag Zweitspielrecht (Senioren)<\/a><\/li><li><a href=\"https:\/\/www.fv-rheinland.de\/wp-content\/uploads\/2018\/10\/2018_10-Antrag-auf-Zweitspielrecht_Junioren.pdf\">Antrag Zweitspielrecht (Junioren)<\/a><\/li><li><a href=\"https:\/\/www.fv-rheinland.de\/wp-content\/uploads\/2017\/12\/antrag_zur_registrierung_auslaendischer_spieler_2013.pdf\">Antrag zur Registrierung ausl\u00e4ndischer Spieler<\/a><\/li><li><a href=\"https:\/\/www.fv-rheinland.de\/wp-content\/uploads\/2017\/12\/zusatzerklaerung_10_bis_18_jahre_neu.pdf\">Zusatzerkl\u00e4rung ausl\u00e4ndischer Spieler\/-innen zw 10 u. 18 Jahren<\/a><\/li><li><a href=\"https:\/\/www.fv-rheinland.de\/wp-content\/uploads\/2018\/10\/2018_10-Antrag-auf-Zweitspielrecht_Senioren.pdf\">Zweitspielrecht Senioren<\/a><\/li><li><a href=\"https:\/\/www.fv-rheinland.de\/wp-content\/uploads\/2018\/10\/2018_10-Antrag-auf-Zweitspielrecht_Junioren.pdf\">Zweitspielrecht Junioren<\/a><\/li><\/ul>\n","protected":false},"excerpt":{"rendered":"<p>Passantrag mit Einverst\u00e4ndniserkl\u00e4rung Abmeldung vom Spielbetrieb Antrag vorzeitige Seniorenfreigabe Antrag Zweitspielrecht (Senioren) Antrag Zweitspielrecht (Junioren) Antrag zur Registrierung ausl\u00e4ndischer Spieler Zusatzerkl\u00e4rung ausl\u00e4ndischer Spieler\/-innen zw 10 u. 18 Jahren Zweitspielrecht Senioren Zweitspielrecht Junioren<\/p>\n","protected":false},"author":2,"featured_media":0,"parent":779,"menu_order":0,"comment_status":"closed","ping_status":"closed","template":"","meta":{"footnotes":""},"class_list":["post-782","page","type-page","status-publish","hentry"],"yoast_head":"<!-- This site is optimized with the Yoast SEO plugin v27.5 - https:\/\/yoast.com\/product\/yoast-seo-wordpress\/ -->\n<title>Passformulare - Fu\u00dfball - TuS-05 Daun<\/title>\n<meta name=\"robots\" content=\"index, follow, max-snippet:-1, max-image-preview:large, max-video-preview:-1\" \/>\n<link rel=\"canonical\" href=\"https:\/\/www.fussball-tus-05-daun.de\/web\/download\/passformulare\/\" \/>\n<meta property=\"og:locale\" content=\"de_DE\" \/>\n<meta property=\"og:type\" content=\"article\" \/>\n<meta property=\"og:title\" content=\"Passformulare - Fu\u00dfball - TuS-05 Daun\" \/>\n<meta property=\"og:description\" content=\"Passantrag mit Einverst\u00e4ndniserkl\u00e4rung Abmeldung vom Spielbetrieb Antrag vorzeitige Seniorenfreigabe Antrag Zweitspielrecht (Senioren) Antrag Zweitspielrecht (Junioren) Antrag zur Registrierung ausl\u00e4ndischer Spieler Zusatzerkl\u00e4rung ausl\u00e4ndischer Spieler\/-innen zw 10 u. 18 Jahren Zweitspielrecht Senioren Zweitspielrecht Junioren\" \/>\n<meta property=\"og:url\" content=\"https:\/\/www.fussball-tus-05-daun.de\/web\/download\/passformulare\/\" \/>\n<meta property=\"og:site_name\" content=\"Fu\u00dfball - TuS-05 Daun\" \/>\n<meta property=\"article:publisher\" content=\"https:\/\/www.facebook.com\/Tus05DaunFussball\/\" \/>\n<meta property=\"article:modified_time\" content=\"2019-10-29T20:23:19+00:00\" \/>\n<meta name=\"twitter:card\" content=\"summary_large_image\" \/>\n<script type=\"application\/ld+json\" class=\"yoast-schema-graph\">{\"@context\":\"https:\\\/\\\/schema.org\",\"@graph\":[{\"@type\":\"WebPage\",\"@id\":\"https:\\\/\\\/www.fussball-tus-05-daun.de\\\/web\\\/download\\\/passformulare\\\/\",\"url\":\"https:\\\/\\\/www.fussball-tus-05-daun.de\\\/web\\\/download\\\/passformulare\\\/\",\"name\":\"Passformulare - Fu\u00dfball - TuS-05 Daun\",\"isPartOf\":{\"@id\":\"https:\\\/\\\/www.fussball-tus-05-daun.de\\\/web\\\/#website\"},\"datePublished\":\"2019-08-11T21:16:13+00:00\",\"dateModified\":\"2019-10-29T20:23:19+00:00\",\"breadcrumb\":{\"@id\":\"https:\\\/\\\/www.fussball-tus-05-daun.de\\\/web\\\/download\\\/passformulare\\\/#breadcrumb\"},\"inLanguage\":\"de\",\"potentialAction\":[{\"@type\":\"ReadAction\",\"target\":[\"https:\\\/\\\/www.fussball-tus-05-daun.de\\\/web\\\/download\\\/passformulare\\\/\"]}]},{\"@type\":\"BreadcrumbList\",\"@id\":\"https:\\\/\\\/www.fussball-tus-05-daun.de\\\/web\\\/download\\\/passformulare\\\/#breadcrumb\",\"itemListElement\":[{\"@type\":\"ListItem\",\"position\":1,\"name\":\"Startseite\",\"item\":\"https:\\\/\\\/www.fussball-tus-05-daun.de\\\/web\\\/\"},{\"@type\":\"ListItem\",\"position\":2,\"name\":\"Download\",\"item\":\"https:\\\/\\\/www.fussball-tus-05-daun.de\\\/web\\\/download\\\/\"},{\"@type\":\"ListItem\",\"position\":3,\"name\":\"Passformulare\"}]},{\"@type\":\"WebSite\",\"@id\":\"https:\\\/\\\/www.fussball-tus-05-daun.de\\\/web\\\/#website\",\"url\":\"https:\\\/\\\/www.fussball-tus-05-daun.de\\\/web\\\/\",\"name\":\"Fu\u00dfball - TuS-05 Daun\",\"description\":\"\",\"publisher\":{\"@id\":\"https:\\\/\\\/www.fussball-tus-05-daun.de\\\/web\\\/#organization\"},\"potentialAction\":[{\"@type\":\"SearchAction\",\"target\":{\"@type\":\"EntryPoint\",\"urlTemplate\":\"https:\\\/\\\/www.fussball-tus-05-daun.de\\\/web\\\/?s={search_term_string}\"},\"query-input\":{\"@type\":\"PropertyValueSpecification\",\"valueRequired\":true,\"valueName\":\"search_term_string\"}}],\"inLanguage\":\"de\"},{\"@type\":\"Organization\",\"@id\":\"https:\\\/\\\/www.fussball-tus-05-daun.de\\\/web\\\/#organization\",\"name\":\"Fu\u00dfball - TuS Daun 05\",\"url\":\"https:\\\/\\\/www.fussball-tus-05-daun.de\\\/web\\\/\",\"logo\":{\"@type\":\"ImageObject\",\"inLanguage\":\"de\",\"@id\":\"https:\\\/\\\/www.fussball-tus-05-daun.de\\\/web\\\/#\\\/schema\\\/logo\\\/image\\\/\",\"url\":\"https:\\\/\\\/www.fussball-tus-05-daun.de\\\/web\\\/wp-content\\\/uploads\\\/2019\\\/01\\\/TuSDaun05.jpg\",\"contentUrl\":\"https:\\\/\\\/www.fussball-tus-05-daun.de\\\/web\\\/wp-content\\\/uploads\\\/2019\\\/01\\\/TuSDaun05.jpg\",\"width\":1533,\"height\":505,\"caption\":\"Fu\u00dfball - TuS Daun 05\"},\"image\":{\"@id\":\"https:\\\/\\\/www.fussball-tus-05-daun.de\\\/web\\\/#\\\/schema\\\/logo\\\/image\\\/\"},\"sameAs\":[\"https:\\\/\\\/www.facebook.com\\\/Tus05DaunFussball\\\/\"]}]}<\/script>\n<!-- \/ Yoast SEO plugin. -->","yoast_head_json":{"title":"Passformulare - Fu\u00dfball - TuS-05 Daun","robots":{"index":"index","follow":"follow","max-snippet":"max-snippet:-1","max-image-preview":"max-image-preview:large","max-video-preview":"max-video-preview:-1"},"canonical":"https:\/\/www.fussball-tus-05-daun.de\/web\/download\/passformulare\/","og_locale":"de_DE","og_type":"article","og_title":"Passformulare - Fu\u00dfball - TuS-05 Daun","og_description":"Passantrag mit Einverst\u00e4ndniserkl\u00e4rung Abmeldung vom Spielbetrieb Antrag vorzeitige Seniorenfreigabe Antrag Zweitspielrecht (Senioren) Antrag Zweitspielrecht (Junioren) Antrag zur Registrierung ausl\u00e4ndischer Spieler Zusatzerkl\u00e4rung ausl\u00e4ndischer Spieler\/-innen zw 10 u. 18 Jahren Zweitspielrecht Senioren Zweitspielrecht Junioren","og_url":"https:\/\/www.fussball-tus-05-daun.de\/web\/download\/passformulare\/","og_site_name":"Fu\u00dfball - TuS-05 Daun","article_publisher":"https:\/\/www.facebook.com\/Tus05DaunFussball\/","article_modified_time":"2019-10-29T20:23:19+00:00","twitter_card":"summary_large_image","schema":{"@context":"https:\/\/schema.org","@graph":[{"@type":"WebPage","@id":"https:\/\/www.fussball-tus-05-daun.de\/web\/download\/passformulare\/","url":"https:\/\/www.fussball-tus-05-daun.de\/web\/download\/passformulare\/","name":"Passformulare - Fu\u00dfball - TuS-05 Daun","isPartOf":{"@id":"https:\/\/www.fussball-tus-05-daun.de\/web\/#website"},"datePublished":"2019-08-11T21:16:13+00:00","dateModified":"2019-10-29T20:23:19+00:00","breadcrumb":{"@id":"https:\/\/www.fussball-tus-05-daun.de\/web\/download\/passformulare\/#breadcrumb"},"inLanguage":"de","potentialAction":[{"@type":"ReadAction","target":["https:\/\/www.fussball-tus-05-daun.de\/web\/download\/passformulare\/"]}]},{"@type":"BreadcrumbList","@id":"https:\/\/www.fussball-tus-05-daun.de\/web\/download\/passformulare\/#breadcrumb","itemListElement":[{"@type":"ListItem","position":1,"name":"Startseite","item":"https:\/\/www.fussball-tus-05-daun.de\/web\/"},{"@type":"ListItem","position":2,"name":"Download","item":"https:\/\/www.fussball-tus-05-daun.de\/web\/download\/"},{"@type":"ListItem","position":3,"name":"Passformulare"}]},{"@type":"WebSite","@id":"https:\/\/www.fussball-tus-05-daun.de\/web\/#website","url":"https:\/\/www.fussball-tus-05-daun.de\/web\/","name":"Fu\u00dfball - TuS-05 Daun","description":"","publisher":{"@id":"https:\/\/www.fussball-tus-05-daun.de\/web\/#organization"},"potentialAction":[{"@type":"SearchAction","target":{"@type":"EntryPoint","urlTemplate":"https:\/\/www.fussball-tus-05-daun.de\/web\/?s={search_term_string}"},"query-input":{"@type":"PropertyValueSpecification","valueRequired":true,"valueName":"search_term_string"}}],"inLanguage":"de"},{"@type":"Organization","@id":"https:\/\/www.fussball-tus-05-daun.de\/web\/#organization","name":"Fu\u00dfball - TuS Daun 05","url":"https:\/\/www.fussball-tus-05-daun.de\/web\/","logo":{"@type":"ImageObject","inLanguage":"de","@id":"https:\/\/www.fussball-tus-05-daun.de\/web\/#\/schema\/logo\/image\/","url":"https:\/\/www.fussball-tus-05-daun.de\/web\/wp-content\/uploads\/2019\/01\/TuSDaun05.jpg","contentUrl":"https:\/\/www.fussball-tus-05-daun.de\/web\/wp-content\/uploads\/2019\/01\/TuSDaun05.jpg","width":1533,"height":505,"caption":"Fu\u00dfball - TuS Daun 05"},"image":{"@id":"https:\/\/www.fussball-tus-05-daun.de\/web\/#\/schema\/logo\/image\/"},"sameAs":["https:\/\/www.facebook.com\/Tus05DaunFussball\/"]}]}},"_links":{"self":[{"href":"https:\/\/www.fussball-tus-05-daun.de\/web\/wp-json\/wp\/v2\/pages\/782","targetHints":{"allow":["GET"]}}],"collection":[{"href":"https:\/\/www.fussball-tus-05-daun.de\/web\/wp-json\/wp\/v2\/pages"}],"about":[{"href":"https:\/\/www.fussball-tus-05-daun.de\/web\/wp-json\/wp\/v2\/types\/page"}],"author":[{"embeddable":true,"href":"https:\/\/www.fussball-tus-05-daun.de\/web\/wp-json\/wp\/v2\/users\/2"}],"replies":[{"embeddable":true,"href":"https:\/\/www.fussball-tus-05-daun.de\/web\/wp-json\/wp\/v2\/comments?post=782"}],"version-history":[{"count":4,"href":"https:\/\/www.fussball-tus-05-daun.de\/web\/wp-json\/wp\/v2\/pages\/782\/revisions"}],"predecessor-version":[{"id":823,"href":"https:\/\/www.fussball-tus-05-daun.de\/web\/wp-json\/wp\/v2\/pages\/782\/revisions\/823"}],"up":[{"embeddable":true,"href":"https:\/\/www.fussball-tus-05-daun.de\/web\/wp-json\/wp\/v2\/pages\/779"}],"wp:attachment":[{"href":"https:\/\/www.fussball-tus-05-daun.de\/web\/wp-json\/wp\/v2\/media?parent=782"}],"curies":[{"name":"wp","href":"https:\/\/api.w.org\/{rel}","templated":true}]}}